{"id":3225,"date":"2021-05-02T20:17:34","date_gmt":"2021-05-02T23:17:34","guid":{"rendered":"https:\/\/www.comiscab.com.ar\/?page_id=3225"},"modified":"2021-05-10T00:16:33","modified_gmt":"2021-05-10T03:16:33","slug":"22-escexplcmte12-noticias","status":"publish","type":"page","link":"https:\/\/www.comiscab.com.ar\/index.php\/22-escexplcmte12-noticias\/","title":{"rendered":"Esc Expl C Mte 12 &#8211; Noticias"},"content":{"rendered":"\t\t<div data-elementor-type=\"wp-page\" data-elementor-id=\"3225\" class=\"elementor elementor-3225\">\n\t\t\t\t\t\t<section class=\"elementor-section elementor-top-section elementor-element elementor-element-8a6384a elementor-section-boxed elementor-section-height-default elementor-section-height-default\" data-id=\"8a6384a\" data-element_type=\"section\" data-settings=\"{&quot;background_background&quot;:&quot;slideshow&quot;,&quot;background_slideshow_gallery&quot;:[{&quot;id&quot;:3379,&quot;url&quot;:&quot;https:\\\/\\\/www.comiscab.com.ar\\\/wp-content\\\/uploads\\\/2021\\\/05\\\/Captura-de-pantalla-2021-05-03-102029.jpeg&quot;}],&quot;background_slideshow_loop&quot;:&quot;yes&quot;,&quot;background_slideshow_slide_duration&quot;:5000,&quot;background_slideshow_slide_transition&quot;:&quot;fade&quot;,&quot;background_slideshow_transition_duration&quot;:500}\">\n\t\t\t\t\t\t\t<div class=\"elementor-background-overlay\"><\/div>\n\t\t\t\t\t\t\t<div class=\"elementor-container elementor-column-gap-extended\">\n\t\t\t\t\t<div class=\"elementor-column elementor-col-100 elementor-top-column elementor-element elementor-element-9c7ba51\" data-id=\"9c7ba51\" data-element_type=\"column\">\n\t\t\t<div class=\"elementor-widget-wrap elementor-element-populated\">\n\t\t\t\t\t\t<div class=\"elementor-element elementor-element-805bf15 elementor-widget elementor-widget-text-editor\" data-id=\"805bf15\" data-element_type=\"widget\" data-widget_type=\"text-editor.default\">\n\t\t\t\t<div class=\"elementor-widget-container\">\n\t\t\t\t\t\t\t\t\t<p>RC Expl Mte 12<\/p>\t\t\t\t\t\t\t\t<\/div>\n\t\t\t\t<\/div>\n\t\t\t\t<div class=\"elementor-element elementor-element-5679f91 elementor-widget elementor-widget-zapedah-title\" data-id=\"5679f91\" data-element_type=\"widget\" data-widget_type=\"zapedah-title.default\">\n\t\t\t\t<div class=\"elementor-widget-container\">\n\t\t\t\t\t<h2 class=\"content-title\">Noticias<\/h2>\t\t\t\t<\/div>\n\t\t\t\t<\/div>\n\t\t\t\t\t<\/div>\n\t\t<\/div>\n\t\t\t\t\t<\/div>\n\t\t<\/section>\n\t\t\t\t<section class=\"elementor-section elementor-top-section elementor-element elementor-element-83e67fe elementor-section-boxed elementor-section-height-default elementor-section-height-default\" data-id=\"83e67fe\" data-element_type=\"section\" data-settings=\"{&quot;background_background&quot;:&quot;classic&quot;}\">\n\t\t\t\t\t\t<div class=\"elementor-container elementor-column-gap-extended\">\n\t\t\t\t\t<div class=\"elementor-column elementor-col-100 elementor-top-column elementor-element elementor-element-4c20bbe\" data-id=\"4c20bbe\" data-element_type=\"column\">\n\t\t\t<div class=\"elementor-widget-wrap elementor-element-populated\">\n\t\t\t\t\t\t<div class=\"elementor-element elementor-element-aff6558 elementor-widget elementor-widget-zapedah-post-two\" data-id=\"aff6558\" data-element_type=\"widget\" data-widget_type=\"zapedah-post-two.default\">\n\t\t\t\t<div class=\"elementor-widget-container\">\n\t\t\t\t\t<div class=\"blog-post-list row clearfix blog-body\">\r\n\t\t<div class=\"col-md-4\">\r\n\r\n\t\t<div class=\"blog-col-inner\">\r\n\r\n\t\t\t<a class=\"blog-link-img blog-with-box\" href=\"https:\/\/www.comiscab.com.ar\/index.php\/2021\/05\/06\/ejerciciosexploracionesc12\/\">\r\n\r\n\t\t\t\t<img fetchpriority=\"high\" decoding=\"async\" width=\"1024\" height=\"768\" src=\"https:\/\/www.comiscab.com.ar\/wp-content\/uploads\/2021\/05\/WhatsApp-Image-2021-05-13-at-12.43.56-1.jpeg\" class=\"attachment-post-thumbnail size-post-thumbnail wp-post-image\" alt=\"\" srcset=\"https:\/\/www.comiscab.com.ar\/wp-content\/uploads\/2021\/05\/WhatsApp-Image-2021-05-13-at-12.43.56-1.jpeg 1024w, https:\/\/www.comiscab.com.ar\/wp-content\/uploads\/2021\/05\/WhatsApp-Image-2021-05-13-at-12.43.56-1-300x225.jpeg 300w, https:\/\/www.comiscab.com.ar\/wp-content\/uploads\/2021\/05\/WhatsApp-Image-2021-05-13-at-12.43.56-1-768x576.jpeg 768w\" sizes=\"(max-width: 1024px) 100vw, 1024px\" \/>\r\n\t\t\t\t\r\n\t\t\t\t<div class=\"zapedah-blog-box\">\r\n\t\t\t\t\t<div class=\"zapedah-blog-inner\">\r\n\r\n\t\t\t\t\t\t<div class=\"blog-two-bottom\">\r\n\t\t\t\t\t\t\t\t\t\t\t\t\t\t<i class=\"bl-icon fa fa-photo\"><\/i>\r\n\t\t\t\t\t\t\t\r\n\t\t\t\t\t\t\t<h3>EJERCICIOS DE EXPLORACI\u00d3N EN MISIONES<\/h3>\r\n\r\n\t\t\t\t\t\t\t\r\n\t\t\t\t\t\t<\/div>\r\n\r\n\r\n\t\t\t\t\t<\/div>\r\n\t\t\t\t<\/div>\r\n\r\n\t\t\t<\/a>\r\n\r\n\t\t\t\t\t\t<div class=\"spacing20 clearfix\"><\/div>\r\n\t\t\t\t\t\t\r\n\t\t\t\t\r\n\t\t\t\t\r\n\r\n\t\t\t\t\r\n\t\t\t\t\r\n\t\t<\/div>\r\n\t<\/div>\r\n\r\n\t\t<div class=\"col-md-4\">\r\n\r\n\t\t<div class=\"blog-col-inner\">\r\n\r\n\t\t\t<a class=\"blog-link-img blog-with-box\" href=\"https:\/\/www.comiscab.com.ar\/index.php\/2021\/04\/23\/esc-expl-c-mte-12-dia-c\/\">\r\n\r\n\t\t\t\t<img decoding=\"async\" width=\"1280\" height=\"720\" src=\"https:\/\/www.comiscab.com.ar\/wp-content\/uploads\/2021\/04\/WhatsApp-Image-2021-04-26-at-12.49.44-e1619992372732.jpeg\" class=\"attachment-post-thumbnail size-post-thumbnail wp-post-image\" alt=\"\" \/>\r\n\t\t\t\t\r\n\t\t\t\t<div class=\"zapedah-blog-box\">\r\n\t\t\t\t\t<div class=\"zapedah-blog-inner\">\r\n\r\n\t\t\t\t\t\t<div class=\"blog-two-bottom\">\r\n\t\t\t\t\t\t\t\t\t\t\t\t\t\t<i class=\"bl-icon fa fa-photo\"><\/i>\r\n\t\t\t\t\t\t\t\r\n\t\t\t\t\t\t\t<h3>Esc Expl C Mte 12 &#8211; D\u00eda C<\/h3>\r\n\r\n\t\t\t\t\t\t\t\r\n\t\t\t\t\t\t<\/div>\r\n\r\n\r\n\t\t\t\t\t<\/div>\r\n\t\t\t\t<\/div>\r\n\r\n\t\t\t<\/a>\r\n\r\n\t\t\t\t\t\t<div class=\"spacing20 clearfix\"><\/div>\r\n\t\t\t\t\t\t\r\n\t\t\t\t\r\n\t\t\t\t\r\n\r\n\t\t\t\t\r\n\t\t\t\t\r\n\t\t<\/div>\r\n\t<\/div>\r\n\r\n\t\t<div class=\"col-md-4\">\r\n\r\n\t\t<div class=\"blog-col-inner\">\r\n\r\n\t\t\t<a class=\"blog-link-img blog-with-box\" href=\"https:\/\/www.comiscab.com.ar\/index.php\/2021\/04\/16\/cursillo-de-exploracion\/\">\r\n\r\n\t\t\t\t<img decoding=\"async\" width=\"600\" height=\"612\" src=\"https:\/\/www.comiscab.com.ar\/wp-content\/uploads\/2021\/04\/WhatsApp-Image-2021-04-20-at-09.29.06-1-e1619992520610.jpeg\" class=\"attachment-post-thumbnail size-post-thumbnail wp-post-image\" alt=\"\" \/>\r\n\t\t\t\t\r\n\t\t\t\t<div class=\"zapedah-blog-box\">\r\n\t\t\t\t\t<div class=\"zapedah-blog-inner\">\r\n\r\n\t\t\t\t\t\t<div class=\"blog-two-bottom\">\r\n\t\t\t\t\t\t\t\t\t\t\t\t\t\t<i class=\"bl-icon fa fa-photo\"><\/i>\r\n\t\t\t\t\t\t\t\r\n\t\t\t\t\t\t\t<h3>CURSILLO DE EXPLORACI\u00d3N<\/h3>\r\n\r\n\t\t\t\t\t\t\t\r\n\t\t\t\t\t\t<\/div>\r\n\r\n\r\n\t\t\t\t\t<\/div>\r\n\t\t\t\t<\/div>\r\n\r\n\t\t\t<\/a>\r\n\r\n\t\t\t\t\t\t<div class=\"spacing20 clearfix\"><\/div>\r\n\t\t\t\t\t\t\r\n\t\t\t\t\r\n\t\t\t\t\r\n\r\n\t\t\t\t\r\n\t\t\t\t\r\n\t\t<\/div>\r\n\t<\/div>\r\n\r\n\t<\/div>\r\n\r\n<!--pagination-->\r\n\t\t\t\t<\/div>\n\t\t\t\t<\/div>\n\t\t\t\t\t<\/div>\n\t\t<\/div>\n\t\t\t\t\t<\/div>\n\t\t<\/section>\n\t\t\t\t<section class=\"elementor-section elementor-top-section elementor-element elementor-element-93158ca elementor-section-full_width elementor-section-height-default elementor-section-height-default elementor-invisible\" data-id=\"93158ca\" data-element_type=\"section\" data-settings=\"{&quot;animation&quot;:&quot;fadeIn&quot;}\">\n\t\t\t\t\t\t<div class=\"elementor-container elementor-column-gap-default\">\n\t\t\t\t\t<div class=\"elementor-column elementor-col-33 elementor-top-column elementor-element elementor-element-a6a7936\" data-id=\"a6a7936\" data-element_type=\"column\" data-settings=\"{&quot;background_background&quot;:&quot;classic&quot;}\">\n\t\t\t<div class=\"elementor-widget-wrap elementor-element-populated\">\n\t\t\t\t\t<div class=\"elementor-background-overlay\"><\/div>\n\t\t\t\t\t\t<div class=\"elementor-element elementor-element-a8d79b3 elementor-widget elementor-widget-spacer\" data-id=\"a8d79b3\" data-element_type=\"widget\" data-widget_type=\"spacer.default\">\n\t\t\t\t<div class=\"elementor-widget-container\">\n\t\t\t\t\t\t\t<div class=\"elementor-spacer\">\n\t\t\t<div class=\"elementor-spacer-inner\"><\/div>\n\t\t<\/div>\n\t\t\t\t\t\t<\/div>\n\t\t\t\t<\/div>\n\t\t\t\t<div class=\"elementor-element elementor-element-6b3f3ac elementor-widget elementor-widget-heading\" data-id=\"6b3f3ac\" data-element_type=\"widget\" data-widget_type=\"heading.default\">\n\t\t\t\t<div class=\"elementor-widget-container\">\n\t\t\t\t\t<h2 class=\"elementor-heading-title elementor-size-default\"><a href=\"https:\/\/www.comiscab.com.ar\/index.php\/22-escexplcmte12\/\">Autoridades<\/a><\/h2>\t\t\t\t<\/div>\n\t\t\t\t<\/div>\n\t\t\t\t\t<\/div>\n\t\t<\/div>\n\t\t\t\t<div class=\"elementor-column elementor-col-33 elementor-top-column elementor-element elementor-element-b1286ad\" data-id=\"b1286ad\" data-element_type=\"column\" data-settings=\"{&quot;background_background&quot;:&quot;classic&quot;}\">\n\t\t\t<div class=\"elementor-widget-wrap elementor-element-populated\">\n\t\t\t\t\t<div class=\"elementor-background-overlay\"><\/div>\n\t\t\t\t\t\t<div class=\"elementor-element elementor-element-c6df2ea elementor-widget elementor-widget-spacer\" data-id=\"c6df2ea\" data-element_type=\"widget\" data-widget_type=\"spacer.default\">\n\t\t\t\t<div class=\"elementor-widget-container\">\n\t\t\t\t\t\t\t<div class=\"elementor-spacer\">\n\t\t\t<div class=\"elementor-spacer-inner\"><\/div>\n\t\t<\/div>\n\t\t\t\t\t\t<\/div>\n\t\t\t\t<\/div>\n\t\t\t\t<div class=\"elementor-element elementor-element-51e9904 elementor-widget elementor-widget-heading\" data-id=\"51e9904\" data-element_type=\"widget\" data-widget_type=\"heading.default\">\n\t\t\t\t<div class=\"elementor-widget-container\">\n\t\t\t\t\t<h2 class=\"elementor-heading-title elementor-size-default\"><a href=\"https:\/\/www.comiscab.com.ar\/index.php\/22-escexplcmte12-exjefes\">Ex-Jefes<\/a><\/h2>\t\t\t\t<\/div>\n\t\t\t\t<\/div>\n\t\t\t\t\t<\/div>\n\t\t<\/div>\n\t\t\t\t<div class=\"elementor-column elementor-col-33 elementor-top-column elementor-element elementor-element-8603cc2\" data-id=\"8603cc2\" data-element_type=\"column\" data-settings=\"{&quot;background_background&quot;:&quot;classic&quot;}\">\n\t\t\t<div class=\"elementor-widget-wrap elementor-element-populated\">\n\t\t\t\t\t<div class=\"elementor-background-overlay\"><\/div>\n\t\t\t\t\t\t<div class=\"elementor-element elementor-element-c86c763 elementor-widget elementor-widget-spacer\" data-id=\"c86c763\" data-element_type=\"widget\" data-widget_type=\"spacer.default\">\n\t\t\t\t<div class=\"elementor-widget-container\">\n\t\t\t\t\t\t\t<div class=\"elementor-spacer\">\n\t\t\t<div class=\"elementor-spacer-inner\"><\/div>\n\t\t<\/div>\n\t\t\t\t\t\t<\/div>\n\t\t\t\t<\/div>\n\t\t\t\t<div class=\"elementor-element elementor-element-d5b86d3 elementor-widget elementor-widget-heading\" data-id=\"d5b86d3\" data-element_type=\"widget\" data-widget_type=\"heading.default\">\n\t\t\t\t<div class=\"elementor-widget-container\">\n\t\t\t\t\t<h2 class=\"elementor-heading-title elementor-size-default\"><a href=\"https:\/\/www.comiscab.com.ar\/index.php\/22-escexplcmte12-noticias\">Noticias<\/a><\/h2>\t\t\t\t<\/div>\n\t\t\t\t<\/div>\n\t\t\t\t\t<\/div>\n\t\t<\/div>\n\t\t\t\t\t<\/div>\n\t\t<\/section>\n\t\t\t\t<section class=\"elementor-section elementor-top-section elementor-element elementor-element-93f1e67 elementor-section-boxed elementor-section-height-default elementor-section-height-default\" data-id=\"93f1e67\" data-element_type=\"section\">\n\t\t\t\t\t\t<div class=\"elementor-container elementor-column-gap-default\">\n\t\t\t\t\t<div class=\"elementor-column elementor-col-100 elementor-top-column elementor-element elementor-element-a51593d\" data-id=\"a51593d\" data-element_type=\"column\">\n\t\t\t<div class=\"elementor-widget-wrap elementor-element-populated\">\n\t\t\t\t\t\t<div class=\"elementor-element elementor-element-164bc65 elementor-align-center elementor-widget elementor-widget-button\" data-id=\"164bc65\" data-element_type=\"widget\" data-widget_type=\"button.default\">\n\t\t\t\t<div class=\"elementor-widget-container\">\n\t\t\t\t\t\t\t\t\t<div class=\"elementor-button-wrapper\">\n\t\t\t\t\t<a class=\"elementor-button elementor-button-link elementor-size-sm\" href=\"https:\/\/www.comiscab.com.ar\/\">\n\t\t\t\t\t\t<span class=\"elementor-button-content-wrapper\">\n\t\t\t\t\t\t\t\t\t<span class=\"elementor-button-text\">P\u00e1gina Principal<\/span>\n\t\t\t\t\t<\/span>\n\t\t\t\t\t<\/a>\n\t\t\t\t<\/div>\n\t\t\t\t\t\t\t\t<\/div>\n\t\t\t\t<\/div>\n\t\t\t\t\t<\/div>\n\t\t<\/div>\n\t\t\t\t\t<\/div>\n\t\t<\/section>\n\t\t\t\t<\/div>\n\t\t","protected":false},"excerpt":{"rendered":"<p>RC Expl Mte 12 Noticias Esc Expl C Mte 12 &#8211; D\u00eda C CURSILLO DE EXPLORACI\u00d3N Autoridades Ex-Jefes Noticias P\u00e1gina Principal<\/p>\n","protected":false},"author":3,"featured_media":0,"parent":0,"menu_order":0,"comment_status":"closed","ping_status":"closed","template":"blank-builder.php","meta":{"footnotes":""},"class_list":["post-3225","page","type-page","status-publish","hentry"],"_links":{"self":[{"href":"https:\/\/www.comiscab.com.ar\/index.php\/wp-json\/wp\/v2\/pages\/3225"}],"collection":[{"href":"https:\/\/www.comiscab.com.ar\/index.php\/wp-json\/wp\/v2\/pages"}],"about":[{"href":"https:\/\/www.comiscab.com.ar\/index.php\/wp-json\/wp\/v2\/types\/page"}],"author":[{"embeddable":true,"href":"https:\/\/www.comiscab.com.ar\/index.php\/wp-json\/wp\/v2\/users\/3"}],"replies":[{"embeddable":true,"href":"https:\/\/www.comiscab.com.ar\/index.php\/wp-json\/wp\/v2\/comments?post=3225"}],"version-history":[{"count":33,"href":"https:\/\/www.comiscab.com.ar\/index.php\/wp-json\/wp\/v2\/pages\/3225\/revisions"}],"predecessor-version":[{"id":3454,"href":"https:\/\/www.comiscab.com.ar\/index.php\/wp-json\/wp\/v2\/pages\/3225\/revisions\/3454"}],"wp:attachment":[{"href":"https:\/\/www.comiscab.com.ar\/index.php\/wp-json\/wp\/v2\/media?parent=3225"}],"curies":[{"name":"wp","href":"https:\/\/api.w.org\/{rel}","templated":true}]}}