{"id":1281,"date":"2021-03-09T02:22:31","date_gmt":"2021-03-09T05:22:31","guid":{"rendered":"https:\/\/www.comiscab.com.ar\/?page_id=1281"},"modified":"2021-05-12T13:52:42","modified_gmt":"2021-05-12T16:52:42","slug":"escritos","status":"publish","type":"page","link":"https:\/\/www.comiscab.com.ar\/index.php\/escritos\/","title":{"rendered":"Escritos"},"content":{"rendered":"\t\t<div data-elementor-type=\"wp-page\" data-elementor-id=\"1281\" class=\"elementor elementor-1281\">\n\t\t\t\t\t\t<section class=\"elementor-section elementor-top-section elementor-element elementor-element-8a6384a elementor-section-boxed elementor-section-height-default elementor-section-height-default\" data-id=\"8a6384a\" data-element_type=\"section\" data-settings=\"{&quot;background_background&quot;:&quot;classic&quot;}\">\n\t\t\t\t\t\t\t<div class=\"elementor-background-overlay\"><\/div>\n\t\t\t\t\t\t\t<div class=\"elementor-container elementor-column-gap-extended\">\n\t\t\t\t\t<div class=\"elementor-column elementor-col-100 elementor-top-column elementor-element elementor-element-9c7ba51\" data-id=\"9c7ba51\" data-element_type=\"column\">\n\t\t\t<div class=\"elementor-widget-wrap elementor-element-populated\">\n\t\t\t\t\t\t<div class=\"elementor-element elementor-element-805bf15 elementor-widget elementor-widget-text-editor\" data-id=\"805bf15\" data-element_type=\"widget\" data-widget_type=\"text-editor.default\">\n\t\t\t\t<div class=\"elementor-widget-container\">\n\t\t\t\t\t\t\t\t\t<p>MURO DE LA CABALLER\u00cdA<\/p>\t\t\t\t\t\t\t\t<\/div>\n\t\t\t\t<\/div>\n\t\t\t\t<div class=\"elementor-element elementor-element-5679f91 elementor-widget elementor-widget-zapedah-title\" data-id=\"5679f91\" data-element_type=\"widget\" data-widget_type=\"zapedah-title.default\">\n\t\t\t\t<div class=\"elementor-widget-container\">\n\t\t\t\t\t<h2 class=\"content-title\">Escritos<\/h2>\t\t\t\t<\/div>\n\t\t\t\t<\/div>\n\t\t\t\t\t<\/div>\n\t\t<\/div>\n\t\t\t\t\t<\/div>\n\t\t<\/section>\n\t\t\t\t<section class=\"elementor-section elementor-top-section elementor-element elementor-element-d8649e1 elementor-section-boxed elementor-section-height-default elementor-section-height-default\" data-id=\"d8649e1\" data-element_type=\"section\">\n\t\t\t\t\t\t<div class=\"elementor-container elementor-column-gap-default\">\n\t\t\t\t\t<div class=\"elementor-column elementor-col-100 elementor-top-column elementor-element elementor-element-e3147cc\" data-id=\"e3147cc\" data-element_type=\"column\">\n\t\t\t<div class=\"elementor-widget-wrap elementor-element-populated\">\n\t\t\t\t\t\t<div class=\"elementor-element elementor-element-ab99d56 elementor-widget elementor-widget-text-editor\" data-id=\"ab99d56\" data-element_type=\"widget\" data-widget_type=\"text-editor.default\">\n\t\t\t\t<div class=\"elementor-widget-container\">\n\t\t\t\t\t\t\t\t\t<ul class=\"Estilo3\"><li><a href=\"https:\/\/www.comiscab.com.ar\/menu%20Historia%20del%20Arma\/Libros\/Malvinas.pdf\" target=\"_blank\" rel=\"noopener\">&#8220;Un d\u00eda, 30 a\u00f1os despu\u00e9s&#8221;<\/a>\u00a0Autor: GB (R) VGM Rodrigo Soloaga.<\/li><li><a href=\"https:\/\/www.comiscab.com.ar\/menu%20Historia%20del%20Arma\/Libros\/CampoGloria.pdf\" target=\"_blank\" rel=\"noopener\">&#8220;Campo de la Gloria&#8221;<\/a>\u00a0Autor: MY (R) Juan Carlos P\u00e1ez Garramu\u00f1o.<\/li><li><a href=\"https:\/\/www.comiscab.com.ar\/menu%20Historia%20del%20Arma\/Libros\/CartaSubofMy.pdf\" target=\"_blank\" rel=\"noopener\">&#8220;Carta de un Aspirante a un Suboficial Mayor&#8221;<\/a>\u00a0Autor: SI Rodolfo G. M\u00e1rquez.<\/li><li><a href=\"https:\/\/www.comiscab.com.ar\/menu%20Historia%20del%20Arma\/Libros\/CatecismoPolo.pdf\" target=\"_blank\" rel=\"noopener\">&#8220;Catecismo del jugador de Polo&#8221;<\/a>\u00a0Autor: TC Carlos Kelso.<\/li><li><a href=\"https:\/\/www.comiscab.com.ar\/menu%20Historia%20del%20Arma\/Libros\/HomenajeSoldado.pdf\" target=\"_blank\" rel=\"noopener\">&#8220;Homenaje a un Soldado&#8221;<\/a>\u00a0Autor: GB (R) VGM Rodrigo Alejandro Soloaga.<\/li><li><a href=\"https:\/\/www.comiscab.com.ar\/menu%20Historia%20del%20Arma\/Libros\/Curiosidades_Caballeria01.pdf\" target=\"_blank\" rel=\"noopener\">&#8220;Lanzas de ca\u00f1a&#8221;<\/a>\u00a0Autor: CR (R) Alberto A. Lucchesi.<\/li><li><a href=\"https:\/\/www.comiscab.com.ar\/menu%20Historia%20del%20Arma\/Libros\/Curiosidades_Caballeria02.pdf\" target=\"_blank\" rel=\"noopener\">&#8220;Lanzas de Madera&#8221;<\/a>\u00a0Autor: CR (R) Alberto A. Lucchesi.<\/li><li><a href=\"https:\/\/www.comiscab.com.ar\/menu%20Historia%20del%20Arma\/Libros\/Curiosidades_Caballeria03.pdf\" target=\"_blank\" rel=\"noopener\">&#8220;Lanza o Sable&#8221;<\/a>\u00a0Autor: CR (R) Alberto A. Lucchesi.<\/li><li><a href=\"https:\/\/www.comiscab.com.ar\/menu%20Historia%20del%20Arma\/Libros\/Curiosidades_Caballeria04.pdf\" target=\"_blank\" rel=\"noopener\">&#8220;Cargas de Caballer\u00eda para recordar&#8221;<\/a>\u00a0Autor: CR (R) Alberto A. Lucchesi.<\/li><li><a href=\"https:\/\/www.comiscab.com.ar\/menu%20Historia%20del%20Arma\/Libros\/VisitaEjemplar.pdf\" target=\"_blank\" rel=\"noopener\">&#8220;Visita aleccionadora y ejemplar&#8221;<\/a>\u00a0Art\u00edculo publicado en el peri\u00f3dico &#8220;La Nueva Provincia&#8221;, Bah\u00eda Blanca, el 25 Ene 1999.<\/li><li><a href=\"https:\/\/www.comiscab.com.ar\/menu%20Historia%20del%20Arma\/Libros\/Curiosidades_Caballeria05.pdf\" target=\"_blank\" rel=\"noopener\">&#8220;Oficiales que dejaron su marca&#8221;<\/a>\u00a0Autor: CR (R) Alberto A. Lucchesi.<\/li><li><a href=\"https:\/\/www.comiscab.com.ar\/menu%20Historia%20del%20Arma\/Libros\/Curiosidades_Caballeria06.pdf\" target=\"_blank\" rel=\"noopener\">&#8220;Cuatro ases de la iniciativa&#8221;<\/a>\u00a0Autor: CR (R) Alberto A. Lucchesi.<\/li><li><a href=\"https:\/\/www.comiscab.com.ar\/menu%20Historia%20del%20Arma\/Libros\/Curiosidades_Caballeria07.pdf\" target=\"_blank\" rel=\"noopener\">&#8220;Sobre lanzas y chuzas&#8221;<\/a>\u00a0Autor: CR (R) Alberto A. Lucchesi.<\/li><li><a href=\"https:\/\/www.comiscab.com.ar\/menu%20Historia%20del%20Arma\/Libros\/Curiosidades_Caballeria08.pdf\" target=\"_blank\" rel=\"noopener\">&#8220;\u00a1Al abordaje!&#8221;<\/a>\u00a0Autor: CR (R) Alberto A. Lucchesi.<\/li><li><a href=\"https:\/\/www.comiscab.com.ar\/menu%20Historia%20del%20Arma\/Libros\/Curiosidades_Caballeria09.pdf\" target=\"_blank\" rel=\"noopener\">&#8220;Granaderos de agua y tierra&#8221;<\/a>\u00a0Autor: CR (R) Alberto A. Lucchesi.<\/li><li><a href=\"https:\/\/www.comiscab.com.ar\/menu%20Historia%20del%20Arma\/Libros\/Curiosidades_Caballeria10.pdf\" target=\"_blank\" rel=\"noopener\">&#8220;\u00a1Se\u00f1or, acu\u00e9rdese de Crouzeilles!&#8221;<\/a>\u00a0Autor: CR (R) Alberto A. Lucchesi.<\/li><li><a href=\"https:\/\/www.comiscab.com.ar\/menu%20Historia%20del%20Arma\/Libros\/Curiosidades_Caballeria11.pdf\" target=\"_blank\" rel=\"noopener\">&#8220;Blas Excelso del Coraz\u00f3n de Jes\u00fas, para lo que guste mandar&#8221;<\/a>\u00a0Autor: CR (R) Alberto A. Lucchesi.<\/li><li><a href=\"https:\/\/www.comiscab.com.ar\/menu%20Historia%20del%20Arma\/Libros\/Curiosidades_Caballeria12.pdf\" target=\"_blank\" rel=\"noopener\">&#8220;Gauchadas sin precio&#8221;<\/a>\u00a0Autor: CR (R) Alberto A. Lucchesi.<\/li><li><a href=\"https:\/\/www.comiscab.com.ar\/menu%20Historia%20del%20Arma\/Libros\/General_Roca.pdf\" target=\"_blank\" rel=\"noopener\">&#8220;General Julio Argentino Roca &#8211; Lustrando sus bronces&#8221;<\/a> Autor: CR (R) Alberto A. Lucchesi.<\/li><li><a href=\"https:\/\/www.comiscab.com.ar\/menu%20Historia%20del%20Arma\/Libros\/Edad_Mundial.pdf\" target=\"_blank\" rel=\"noopener\">&#8220;Edad mundial, era de la ONU&#8221;<\/a> Autores: CR (R) Gustavo J. Ansch\u00fctz y CR (R) Gualterio M. B\u00e1ez.<\/li><li><a href=\"https:\/\/www.comiscab.com.ar\/menu%20Historia%20del%20Arma\/Libros\/Leopardos_en_el_Beagle.pdf\" target=\"_blank\" rel=\"noopener\">&#8220;Leopardos en el Beagle&#8221;<\/a> Autor: CR (R) Carlos Alberto Dom\u00ednguez Silva.<\/li><li><a href=\"https:\/\/www.comiscab.com.ar\/menu%20Historia%20del%20Arma\/Libros\/El_Caballo_de_Napoleon_Bonaparte.pdf\" target=\"_blank\" rel=\"noopener\">&#8220;El caballo de Napole\u00f3n Bonaparte&#8221;<\/a> Autor: GD (R) Julio Alberto Conrado Hang.<\/li><\/ul>\t\t\t\t\t\t\t\t<\/div>\n\t\t\t\t<\/div>\n\t\t\t\t\t<\/div>\n\t\t<\/div>\n\t\t\t\t\t<\/div>\n\t\t<\/section>\n\t\t\t\t<section class=\"elementor-section elementor-top-section elementor-element elementor-element-fcadb9b elementor-section-boxed elementor-section-height-default elementor-section-height-default\" data-id=\"fcadb9b\" data-element_type=\"section\">\n\t\t\t\t\t\t<div class=\"elementor-container elementor-column-gap-default\">\n\t\t\t\t\t<div class=\"elementor-column elementor-col-100 elementor-top-column elementor-element elementor-element-44758eb\" data-id=\"44758eb\" data-element_type=\"column\">\n\t\t\t<div class=\"elementor-widget-wrap elementor-element-populated\">\n\t\t\t\t\t\t<div class=\"elementor-element elementor-element-c9337ee elementor-widget-divider--view-line elementor-widget elementor-widget-divider\" data-id=\"c9337ee\" data-element_type=\"widget\" data-widget_type=\"divider.default\">\n\t\t\t\t<div class=\"elementor-widget-container\">\n\t\t\t\t\t\t\t<div class=\"elementor-divider\">\n\t\t\t<span class=\"elementor-divider-separator\">\n\t\t\t\t\t\t<\/span>\n\t\t<\/div>\n\t\t\t\t\t\t<\/div>\n\t\t\t\t<\/div>\n\t\t\t\t\t<\/div>\n\t\t<\/div>\n\t\t\t\t\t<\/div>\n\t\t<\/section>\n\t\t\t\t<section class=\"elementor-section elementor-top-section elementor-element elementor-element-2e683da elementor-section-boxed elementor-section-height-default elementor-section-height-default\" data-id=\"2e683da\" data-element_type=\"section\">\n\t\t\t\t\t\t<div class=\"elementor-container elementor-column-gap-default\">\n\t\t\t\t\t<div class=\"elementor-column elementor-col-33 elementor-top-column elementor-element elementor-element-6752366\" data-id=\"6752366\" data-element_type=\"column\" data-settings=\"{&quot;background_background&quot;:&quot;classic&quot;}\">\n\t\t\t<div class=\"elementor-widget-wrap elementor-element-populated\">\n\t\t\t\t\t<div class=\"elementor-background-overlay\"><\/div>\n\t\t\t\t\t\t<div class=\"elementor-element elementor-element-2c78bac elementor-widget elementor-widget-spacer\" data-id=\"2c78bac\" data-element_type=\"widget\" data-widget_type=\"spacer.default\">\n\t\t\t\t<div class=\"elementor-widget-container\">\n\t\t\t\t\t\t\t<div class=\"elementor-spacer\">\n\t\t\t<div class=\"elementor-spacer-inner\"><\/div>\n\t\t<\/div>\n\t\t\t\t\t\t<\/div>\n\t\t\t\t<\/div>\n\t\t\t\t<div class=\"elementor-element elementor-element-b00b5bf elementor-widget elementor-widget-heading\" data-id=\"b00b5bf\" data-element_type=\"widget\" data-widget_type=\"heading.default\">\n\t\t\t\t<div class=\"elementor-widget-container\">\n\t\t\t\t\t<h2 class=\"elementor-heading-title elementor-size-default\"><a href=\"https:\/\/www.comiscab.com.ar\/index.php\/muro\">Muro de la Caballer\u00eda<\/a><\/h2>\t\t\t\t<\/div>\n\t\t\t\t<\/div>\n\t\t\t\t\t<\/div>\n\t\t<\/div>\n\t\t\t\t<div class=\"elementor-column elementor-col-33 elementor-top-column elementor-element elementor-element-33d9a95\" data-id=\"33d9a95\" data-element_type=\"column\" data-settings=\"{&quot;background_background&quot;:&quot;classic&quot;}\">\n\t\t\t<div class=\"elementor-widget-wrap elementor-element-populated\">\n\t\t\t\t\t<div class=\"elementor-background-overlay\"><\/div>\n\t\t\t\t\t\t<div class=\"elementor-element elementor-element-79d621f elementor-widget elementor-widget-spacer\" data-id=\"79d621f\" data-element_type=\"widget\" data-widget_type=\"spacer.default\">\n\t\t\t\t<div class=\"elementor-widget-container\">\n\t\t\t\t\t\t\t<div class=\"elementor-spacer\">\n\t\t\t<div class=\"elementor-spacer-inner\"><\/div>\n\t\t<\/div>\n\t\t\t\t\t\t<\/div>\n\t\t\t\t<\/div>\n\t\t\t\t<div class=\"elementor-element elementor-element-b48451f elementor-widget elementor-widget-heading\" data-id=\"b48451f\" data-element_type=\"widget\" data-widget_type=\"heading.default\">\n\t\t\t\t<div class=\"elementor-widget-container\">\n\t\t\t\t\t<h2 class=\"elementor-heading-title elementor-size-default\"><a href=\"https:\/\/www.comiscab.com.ar\/index.php\/romancero\">Romancero<\/a><\/h2>\t\t\t\t<\/div>\n\t\t\t\t<\/div>\n\t\t\t\t\t<\/div>\n\t\t<\/div>\n\t\t\t\t<div class=\"elementor-column elementor-col-33 elementor-top-column elementor-element elementor-element-4924910\" data-id=\"4924910\" data-element_type=\"column\" data-settings=\"{&quot;background_background&quot;:&quot;classic&quot;}\">\n\t\t\t<div class=\"elementor-widget-wrap elementor-element-populated\">\n\t\t\t\t\t<div class=\"elementor-background-overlay\"><\/div>\n\t\t\t\t\t\t<div class=\"elementor-element elementor-element-ee591a2 elementor-widget elementor-widget-spacer\" data-id=\"ee591a2\" data-element_type=\"widget\" data-widget_type=\"spacer.default\">\n\t\t\t\t<div class=\"elementor-widget-container\">\n\t\t\t\t\t\t\t<div class=\"elementor-spacer\">\n\t\t\t<div class=\"elementor-spacer-inner\"><\/div>\n\t\t<\/div>\n\t\t\t\t\t\t<\/div>\n\t\t\t\t<\/div>\n\t\t\t\t<div class=\"elementor-element elementor-element-d65972e elementor-widget elementor-widget-heading\" data-id=\"d65972e\" data-element_type=\"widget\" data-widget_type=\"heading.default\">\n\t\t\t\t<div class=\"elementor-widget-container\">\n\t\t\t\t\t<h2 class=\"elementor-heading-title elementor-size-default\"><a href=\"https:\/\/www.comiscab.com.ar\/index.php\/anecdotario\">Anecdotario<\/a><\/h2>\t\t\t\t<\/div>\n\t\t\t\t<\/div>\n\t\t\t\t\t<\/div>\n\t\t<\/div>\n\t\t\t\t\t<\/div>\n\t\t<\/section>\n\t\t\t\t<section class=\"elementor-section elementor-top-section elementor-element elementor-element-6d7047f elementor-section-boxed elementor-section-height-default elementor-section-height-default\" data-id=\"6d7047f\" data-element_type=\"section\">\n\t\t\t\t\t\t<div class=\"elementor-container elementor-column-gap-default\">\n\t\t\t\t\t<div class=\"elementor-column elementor-col-33 elementor-top-column elementor-element elementor-element-5293ccf\" data-id=\"5293ccf\" data-element_type=\"column\" data-settings=\"{&quot;background_background&quot;:&quot;classic&quot;}\">\n\t\t\t<div class=\"elementor-widget-wrap elementor-element-populated\">\n\t\t\t\t\t<div class=\"elementor-background-overlay\"><\/div>\n\t\t\t\t\t\t<div class=\"elementor-element elementor-element-d8c8b5c elementor-widget elementor-widget-spacer\" data-id=\"d8c8b5c\" data-element_type=\"widget\" data-widget_type=\"spacer.default\">\n\t\t\t\t<div class=\"elementor-widget-container\">\n\t\t\t\t\t\t\t<div class=\"elementor-spacer\">\n\t\t\t<div class=\"elementor-spacer-inner\"><\/div>\n\t\t<\/div>\n\t\t\t\t\t\t<\/div>\n\t\t\t\t<\/div>\n\t\t\t\t<div class=\"elementor-element elementor-element-b82eb46 elementor-widget elementor-widget-heading\" data-id=\"b82eb46\" data-element_type=\"widget\" data-widget_type=\"heading.default\">\n\t\t\t\t<div class=\"elementor-widget-container\">\n\t\t\t\t\t<h2 class=\"elementor-heading-title elementor-size-default\"><a href=\"https:\/\/www.comiscab.com.ar\/index.php\/escritos\/\">Escritos<\/a><\/h2>\t\t\t\t<\/div>\n\t\t\t\t<\/div>\n\t\t\t\t\t<\/div>\n\t\t<\/div>\n\t\t\t\t<div class=\"elementor-column elementor-col-33 elementor-top-column elementor-element elementor-element-9e7333f\" data-id=\"9e7333f\" data-element_type=\"column\" data-settings=\"{&quot;background_background&quot;:&quot;classic&quot;}\">\n\t\t\t<div class=\"elementor-widget-wrap elementor-element-populated\">\n\t\t\t\t\t<div class=\"elementor-background-overlay\"><\/div>\n\t\t\t\t\t\t<div class=\"elementor-element elementor-element-61ee5c8 elementor-widget elementor-widget-spacer\" data-id=\"61ee5c8\" data-element_type=\"widget\" data-widget_type=\"spacer.default\">\n\t\t\t\t<div class=\"elementor-widget-container\">\n\t\t\t\t\t\t\t<div class=\"elementor-spacer\">\n\t\t\t<div class=\"elementor-spacer-inner\"><\/div>\n\t\t<\/div>\n\t\t\t\t\t\t<\/div>\n\t\t\t\t<\/div>\n\t\t\t\t<div class=\"elementor-element elementor-element-f844780 elementor-widget elementor-widget-heading\" data-id=\"f844780\" data-element_type=\"widget\" data-widget_type=\"heading.default\">\n\t\t\t\t<div class=\"elementor-widget-container\">\n\t\t\t\t\t<h2 class=\"elementor-heading-title elementor-size-default\"><a href=\"https:\/\/www.comiscab.com.ar\/index.php\/libros\/\">Libros<\/a><\/h2>\t\t\t\t<\/div>\n\t\t\t\t<\/div>\n\t\t\t\t\t<\/div>\n\t\t<\/div>\n\t\t\t\t<div class=\"elementor-column elementor-col-33 elementor-top-column elementor-element elementor-element-08da5d2\" data-id=\"08da5d2\" data-element_type=\"column\" data-settings=\"{&quot;background_background&quot;:&quot;classic&quot;}\">\n\t\t\t<div class=\"elementor-widget-wrap elementor-element-populated\">\n\t\t\t\t\t<div class=\"elementor-background-overlay\"><\/div>\n\t\t\t\t\t\t<div class=\"elementor-element elementor-element-6ac8d33 elementor-widget elementor-widget-spacer\" data-id=\"6ac8d33\" data-element_type=\"widget\" data-widget_type=\"spacer.default\">\n\t\t\t\t<div class=\"elementor-widget-container\">\n\t\t\t\t\t\t\t<div class=\"elementor-spacer\">\n\t\t\t<div class=\"elementor-spacer-inner\"><\/div>\n\t\t<\/div>\n\t\t\t\t\t\t<\/div>\n\t\t\t\t<\/div>\n\t\t\t\t<div class=\"elementor-element elementor-element-e96bdf1 elementor-widget elementor-widget-heading\" data-id=\"e96bdf1\" data-element_type=\"widget\" data-widget_type=\"heading.default\">\n\t\t\t\t<div class=\"elementor-widget-container\">\n\t\t\t\t\t<h2 class=\"elementor-heading-title elementor-size-default\"><a href=\"https:\/\/www.comiscab.com.ar\/index.php\/fotografias\">Archivo fotogr\u00e1fico<\/a><\/h2>\t\t\t\t<\/div>\n\t\t\t\t<\/div>\n\t\t\t\t\t<\/div>\n\t\t<\/div>\n\t\t\t\t\t<\/div>\n\t\t<\/section>\n\t\t\t\t<section class=\"elementor-section elementor-top-section elementor-element elementor-element-37e672c elementor-section-boxed elementor-section-height-default elementor-section-height-default\" data-id=\"37e672c\" data-element_type=\"section\">\n\t\t\t\t\t\t<div class=\"elementor-container elementor-column-gap-default\">\n\t\t\t\t\t<div class=\"elementor-column elementor-col-100 elementor-top-column elementor-element elementor-element-bf6a8ed\" data-id=\"bf6a8ed\" data-element_type=\"column\">\n\t\t\t<div class=\"elementor-widget-wrap elementor-element-populated\">\n\t\t\t\t\t\t<div class=\"elementor-element elementor-element-9174ff2 elementor-widget elementor-widget-spacer\" data-id=\"9174ff2\" data-element_type=\"widget\" data-widget_type=\"spacer.default\">\n\t\t\t\t<div class=\"elementor-widget-container\">\n\t\t\t\t\t\t\t<div class=\"elementor-spacer\">\n\t\t\t<div class=\"elementor-spacer-inner\"><\/div>\n\t\t<\/div>\n\t\t\t\t\t\t<\/div>\n\t\t\t\t<\/div>\n\t\t\t\t<div class=\"elementor-element elementor-element-0cd15f5 elementor-align-center elementor-widget elementor-widget-button\" data-id=\"0cd15f5\" data-element_type=\"widget\" data-widget_type=\"button.default\">\n\t\t\t\t<div class=\"elementor-widget-container\">\n\t\t\t\t\t\t\t\t\t<div class=\"elementor-button-wrapper\">\n\t\t\t\t\t<a class=\"elementor-button elementor-button-link elementor-size-sm\" href=\"https:\/\/www.comiscab.com.ar\/\">\n\t\t\t\t\t\t<span class=\"elementor-button-content-wrapper\">\n\t\t\t\t\t\t\t\t\t<span class=\"elementor-button-text\">P\u00e1gina Principal<\/span>\n\t\t\t\t\t<\/span>\n\t\t\t\t\t<\/a>\n\t\t\t\t<\/div>\n\t\t\t\t\t\t\t\t<\/div>\n\t\t\t\t<\/div>\n\t\t\t\t\t<\/div>\n\t\t<\/div>\n\t\t\t\t\t<\/div>\n\t\t<\/section>\n\t\t\t\t<\/div>\n\t\t","protected":false},"excerpt":{"rendered":"<p>MURO DE LA CABALLER\u00cdA Escritos &#8220;Un d\u00eda, 30 a\u00f1os despu\u00e9s&#8221;\u00a0Autor: GB (R) VGM Rodrigo Soloaga. &#8220;Campo de la Gloria&#8221;\u00a0Autor: MY (R) Juan Carlos P\u00e1ez Garramu\u00f1o. &#8220;Carta de un Aspirante a un Suboficial Mayor&#8221;\u00a0Autor: SI Rodolfo G. M\u00e1rquez. &#8220;Catecismo del jugador de Polo&#8221;\u00a0Autor: TC Carlos Kelso. &#8220;Homenaje a un Soldado&#8221;\u00a0Autor: GB (R) VGM Rodrigo Alejandro Soloaga. &#8220;Lanzas de ca\u00f1a&#8221;\u00a0Autor: CR (R) &hellip;<\/p>\n","protected":false},"author":2,"featured_media":0,"parent":0,"menu_order":0,"comment_status":"closed","ping_status":"closed","template":"blank-builder.php","meta":{"footnotes":""},"class_list":["post-1281","page","type-page","status-publish","hentry"],"_links":{"self":[{"href":"https:\/\/www.comiscab.com.ar\/index.php\/wp-json\/wp\/v2\/pages\/1281"}],"collection":[{"href":"https:\/\/www.comiscab.com.ar\/index.php\/wp-json\/wp\/v2\/pages"}],"about":[{"href":"https:\/\/www.comiscab.com.ar\/index.php\/wp-json\/wp\/v2\/types\/page"}],"author":[{"embeddable":true,"href":"https:\/\/www.comiscab.com.ar\/index.php\/wp-json\/wp\/v2\/users\/2"}],"replies":[{"embeddable":true,"href":"https:\/\/www.comiscab.com.ar\/index.php\/wp-json\/wp\/v2\/comments?post=1281"}],"version-history":[{"count":64,"href":"https:\/\/www.comiscab.com.ar\/index.php\/wp-json\/wp\/v2\/pages\/1281\/revisions"}],"predecessor-version":[{"id":5192,"href":"https:\/\/www.comiscab.com.ar\/index.php\/wp-json\/wp\/v2\/pages\/1281\/revisions\/5192"}],"wp:attachment":[{"href":"https:\/\/www.comiscab.com.ar\/index.php\/wp-json\/wp\/v2\/media?parent=1281"}],"curies":[{"name":"wp","href":"https:\/\/api.w.org\/{rel}","templated":true}]}}